{"id":2415,"date":"2023-04-28T11:32:14","date_gmt":"2023-04-28T08:32:14","guid":{"rendered":"https:\/\/zanart.com.tr\/omerakyildiz\/?page_id=2415"},"modified":"2023-11-30T13:32:59","modified_gmt":"2023-11-30T10:32:59","slug":"impressum","status":"publish","type":"page","link":"https:\/\/www.omerakyildiz.de\/tr\/impressum\/","title":{"rendered":"K\u00fcnye"},"content":{"rendered":"<p>\u00d6mer Aky\u0131ld\u0131z M\u00fchendislik A.\u015e.<br \/>\nFeyzullah Mah. Ba\u011fdat Cad. No:268-270 \u0130\u00e7 Kap\u0131 No:211<br \/>\n34843 Maltepe\/\u0130stanbul<br \/>\n+90 216 706 99 63<br \/>\nE-posta: info@omerakyildiz.de<\/p>\n<p>\u00d6mer Aky\u0131ld\u0131z<br \/>\nTMMOB \u0130n\u015faat M\u00fchendisler Odas\u0131<br \/>\nVergi Mo.: 6550934551<br \/>\nVergi Dairesi: K\u00fc\u00e7\u00fckyal\u0131 Vergi Dairesi<\/p>\n","protected":false},"excerpt":{"rendered":"<p>\u00d6mer Aky\u0131ld\u0131z M\u00fchendislik A.\u015e. Feyzullah Mah. Ba\u011fdat Cad. No:268-270 \u0130\u00e7 Kap\u0131 No:211 34843 Maltepe\/\u0130stanbul +90 216 706 99 63 E-posta: info@omerakyildiz.de \u00d6mer Aky\u0131ld\u0131z TMMOB \u0130n\u015faat M\u00fchendisler Odas\u0131 Vergi Mo.: 6550934551 Vergi Dairesi: K\u00fc\u00e7\u00fckyal\u0131 Vergi Dairesi<\/p>\n","protected":false},"author":1,"featured_media":0,"parent":0,"menu_order":0,"comment_status":"closed","ping_status":"closed","template":"","meta":{"inline_featured_image":false,"footnotes":""},"class_list":["post-2415","page","type-page","status-publish","hentry"],"_links":{"self":[{"href":"https:\/\/www.omerakyildiz.de\/tr\/wp-json\/wp\/v2\/pages\/2415","targetHints":{"allow":["GET"]}}],"collection":[{"href":"https:\/\/www.omerakyildiz.de\/tr\/wp-json\/wp\/v2\/pages"}],"about":[{"href":"https:\/\/www.omerakyildiz.de\/tr\/wp-json\/wp\/v2\/types\/page"}],"author":[{"embeddable":true,"href":"https:\/\/www.omerakyildiz.de\/tr\/wp-json\/wp\/v2\/users\/1"}],"replies":[{"embeddable":true,"href":"https:\/\/www.omerakyildiz.de\/tr\/wp-json\/wp\/v2\/comments?post=2415"}],"version-history":[{"count":5,"href":"https:\/\/www.omerakyildiz.de\/tr\/wp-json\/wp\/v2\/pages\/2415\/revisions"}],"predecessor-version":[{"id":3820,"href":"https:\/\/www.omerakyildiz.de\/tr\/wp-json\/wp\/v2\/pages\/2415\/revisions\/3820"}],"wp:attachment":[{"href":"https:\/\/www.omerakyildiz.de\/tr\/wp-json\/wp\/v2\/media?parent=2415"}],"curies":[{"name":"wp","href":"https:\/\/api.w.org\/{rel}","templated":true}]}}