{"id":1985,"date":"2023-03-29T13:42:50","date_gmt":"2023-03-29T10:42:50","guid":{"rendered":"https:\/\/zanart.com.tr\/omerakyildiz\/?page_id=1985"},"modified":"2023-11-30T13:35:29","modified_gmt":"2023-11-30T10:35:29","slug":"karriere","status":"publish","type":"page","link":"https:\/\/www.omerakyildiz.de\/tr\/karriere\/","title":{"rendered":"Kariyer"},"content":{"rendered":"\t\t<div data-elementor-type=\"wp-page\" data-elementor-id=\"1985\" class=\"elementor elementor-1985\" data-elementor-settings=\"[]\">\n\t\t\t\t\t\t\t<div class=\"elementor-section-wrap\">\n\t\t\t\t\t\t\t<section class=\"elementor-section elementor-top-section elementor-element elementor-element-30db4ed elementor-section-boxed elementor-section-height-default elementor-section-height-default\" data-id=\"30db4ed\" data-element_type=\"section\">\n\t\t\t\t\t\t<div class=\"elementor-container elementor-column-gap-default\">\n\t\t\t\t\t<div class=\"elementor-column elementor-col-50 elementor-top-column elementor-element elementor-element-8af7501\" data-id=\"8af7501\" data-element_type=\"column\">\n\t\t\t<div class=\"elementor-widget-wrap elementor-element-populated\">\n\t\t\t\t\t\t\t\t<div class=\"elementor-element elementor-element-f1c288e elementor-widget elementor-widget-html\" data-id=\"f1c288e\" data-element_type=\"widget\" data-widget_type=\"html.default\">\n\t\t\t\t<div class=\"elementor-widget-container\">\n\t\t\t\n\n\n\n\t<div class=\"jobButonlari\">\r\n\t\t<a href=\"https:\/\/www.omerakyildiz.de\/wp-content\/uploads\/2023\/11\/Elektrik-Muhendisi-Is-Ilani.pdf\" class=\"btn btn-default\" target=\"_blank\">Elektrik M\u00fchendisli\u011fi \u0130\u015f \u0130lan\u0131<\/a>\r\n\t<\/div>\r\n\t\t<div class=\"jobButonlari\">\r\n\t\t<a href=\"https:\/\/www.omerakyildiz.de\/wp-content\/uploads\/2023\/11\/Insaat-Muhendisi-Is-Ilani.pdf\" class=\"btn btn-default\" target=\"_blank\">\u0130n\u015faat M\u00fchendisli\u011fi \u0130\u015f \u0130lan\u0131<\/a>\r\n\t<\/div>\r\n\t\t<div class=\"jobButonlari\">\r\n\t\t<a href=\"https:\/\/www.omerakyildiz.de\/wp-content\/uploads\/2023\/11\/Teknik-Ressam-Is-Ilani.pdf\" class=\"btn btn-default\" target=\"_blank\">Teknik Ressam \u0130\u015f \u0130lan\u0131<\/a>\r\n\t<\/div>\r\n\t\t<div class=\"jobButonlari\">\r\n\t\t<a href=\"https:\/\/www.omerakyildiz.de\/wp-content\/uploads\/2023\/11\/Stajyer-Ilani.pdf\" class=\"btn btn-default\" target=\"_blank\">Stajyer \u0130\u015f \u0130lan\u0131<\/a>\r\n\t<\/div>\r\n\t\r\n  \r\n\t\t<\/div>\n\t\t\t\t<\/div>\n\t\t\t\t\t<\/div>\n\t\t<\/div>\n\t\t\t\t<div class=\"elementor-column elementor-col-50 elementor-top-column elementor-element elementor-element-0de3c8f\" data-id=\"0de3c8f\" data-element_type=\"column\">\n\t\t\t<div class=\"elementor-widget-wrap elementor-element-populated\">\n\t\t\t\t\t\t\t\t<div class=\"elementor-element elementor-element-3968f3c elementor-align-center elementor-widget elementor-widget-lottie\" data-id=\"3968f3c\" data-element_type=\"widget\" data-settings=\"{&quot;source&quot;:&quot;external_url&quot;,&quot;source_external_url&quot;:{&quot;url&quot;:&quot;https:\\\/\\\/assets6.lottiefiles.com\\\/packages\\\/lf20_lqge6px5.json&quot;,&quot;is_external&quot;:&quot;&quot;,&quot;nofollow&quot;:&quot;&quot;,&quot;custom_attributes&quot;:&quot;&quot;},&quot;link_to&quot;:&quot;custom&quot;,&quot;loop&quot;:&quot;yes&quot;,&quot;custom_link&quot;:{&quot;url&quot;:&quot;&quot;,&quot;is_external&quot;:&quot;&quot;,&quot;nofollow&quot;:&quot;&quot;,&quot;custom_attributes&quot;:&quot;&quot;},&quot;trigger&quot;:&quot;arriving_to_viewport&quot;,&quot;viewport&quot;:{&quot;unit&quot;:&quot;%&quot;,&quot;size&quot;:&quot;&quot;,&quot;sizes&quot;:{&quot;start&quot;:0,&quot;end&quot;:100}},&quot;play_speed&quot;:{&quot;unit&quot;:&quot;px&quot;,&quot;size&quot;:1,&quot;sizes&quot;:[]},&quot;start_point&quot;:{&quot;unit&quot;:&quot;%&quot;,&quot;size&quot;:&quot;0&quot;,&quot;sizes&quot;:[]},&quot;end_point&quot;:{&quot;unit&quot;:&quot;%&quot;,&quot;size&quot;:&quot;100&quot;,&quot;sizes&quot;:[]},&quot;renderer&quot;:&quot;svg&quot;}\" data-widget_type=\"lottie.default\">\n\t\t\t\t<div class=\"elementor-widget-container\">\n\t\t\t<style>\/*! elementor-pro - v3.4.1 - 01-09-2021 *\/\n.e-lottie__container{display:inline-block;max-width:var(--lottie-container-max-width);width:var(--lottie-container-width);opacity:var(--lottie-container-opacity)}.e-lottie__container:hover{opacity:var(--lottie-container-opacity-hover);-webkit-transition-duration:var(--lottie-container-transition-duration-hover);-o-transition-duration:var(--lottie-container-transition-duration-hover);transition-duration:var(--lottie-container-transition-duration-hover)}.e-lottie__container svg,.e-lottie__container svg *{-webkit-transition:none!important;-o-transition:none!important;transition:none!important}.e-lottie__caption{color:var(--caption-color);margin-top:var(--caption-margin-top);text-align:var(--caption-text-align)}<\/style><div class=\"e-lottie__container\"><div class=\"e-lottie__animation\"><\/div><\/div>\t\t<\/div>\n\t\t\t\t<\/div>\n\t\t\t\t\t<\/div>\n\t\t<\/div>\n\t\t\t\t\t\t\t<\/div>\n\t\t<\/section>\n\t\t\t\t\t\t<\/div>\n\t\t\t\t\t<\/div>\n\t\t","protected":false},"excerpt":{"rendered":"","protected":false},"author":1,"featured_media":0,"parent":0,"menu_order":0,"comment_status":"closed","ping_status":"closed","template":"elementor_theme","meta":{"inline_featured_image":false,"footnotes":""},"class_list":["post-1985","page","type-page","status-publish","hentry"],"_links":{"self":[{"href":"https:\/\/www.omerakyildiz.de\/tr\/wp-json\/wp\/v2\/pages\/1985","targetHints":{"allow":["GET"]}}],"collection":[{"href":"https:\/\/www.omerakyildiz.de\/tr\/wp-json\/wp\/v2\/pages"}],"about":[{"href":"https:\/\/www.omerakyildiz.de\/tr\/wp-json\/wp\/v2\/types\/page"}],"author":[{"embeddable":true,"href":"https:\/\/www.omerakyildiz.de\/tr\/wp-json\/wp\/v2\/users\/1"}],"replies":[{"embeddable":true,"href":"https:\/\/www.omerakyildiz.de\/tr\/wp-json\/wp\/v2\/comments?post=1985"}],"version-history":[{"count":95,"href":"https:\/\/www.omerakyildiz.de\/tr\/wp-json\/wp\/v2\/pages\/1985\/revisions"}],"predecessor-version":[{"id":3829,"href":"https:\/\/www.omerakyildiz.de\/tr\/wp-json\/wp\/v2\/pages\/1985\/revisions\/3829"}],"wp:attachment":[{"href":"https:\/\/www.omerakyildiz.de\/tr\/wp-json\/wp\/v2\/media?parent=1985"}],"curies":[{"name":"wp","href":"https:\/\/api.w.org\/{rel}","templated":true}]}}