{"id":3834,"date":"2023-11-30T13:47:17","date_gmt":"2023-11-30T10:47:17","guid":{"rendered":"https:\/\/www.omerakyildiz.de\/?page_id=3834"},"modified":"2023-11-30T16:42:01","modified_gmt":"2023-11-30T13:42:01","slug":"gizlilik-ve-cerez-politikasi","status":"publish","type":"page","link":"https:\/\/www.omerakyildiz.de\/en\/gizlilik-ve-cerez-politikasi\/","title":{"rendered":"G\u0130ZL\u0130L\u0130K VE \u00c7EREZ POL\u0130T\u0130KASI"},"content":{"rendered":"<p><strong>\u00d6MER AKYILDIZ M\u00dcHEND\u0130SL\u0130K A.\u015e. Gizlilik ve \u00c7erez Politikas\u0131<\/strong><\/p>\n<p><strong>VER\u0130 SORUMLUSU:<\/strong> \u00d6MER AKYILDIZ M\u00dcHEND\u0130SL\u0130K A.\u015e.<\/p>\n<p>\u00d6MER AKYILDIZ M\u00dcHEND\u0130SL\u0130K A.\u015e. olarak; Siz say\u0131n m\u00fc\u015fterilerimizin web sitemizi kullan\u0131m\u0131 hakk\u0131ndaki bilgileri teknik bir ileti\u015fim dosyas\u0131 (\u00c7erez-Cookie) kullanarak elde edebiliriz. Bahsi ge\u00e7en teknik ileti\u015fim dosyalar\u0131, ana bellekte saklanmak \u00fczere bir internet sitesinin kullan\u0131c\u0131n\u0131n taray\u0131c\u0131s\u0131na (browser) g\u00f6nderdi\u011fi k\u00fc\u00e7\u00fck metin dosyalar\u0131d\u0131r. \u0130nternet Sitemizde \u00e7erez kullan\u0131lmas\u0131n\u0131n ba\u015fl\u0131ca ama\u00e7lar\u0131; \u0130nternet sitesinin i\u015flevselli\u011fini ve performans\u0131n\u0131 artt\u0131rmak yoluyla sizlere sunulan hizmetleri geli\u015ftirmek, \u0130nternet Sitesini iyile\u015ftirmek ve \u0130nternet Sitesi \u00fczerinden yeni \u00f6zellikler sunmak ve sunulan \u00f6zellikleri sizlerin tercihlerine g\u00f6re ki\u015fiselle\u015ftirmek, \u0130nternet Sitesinin, sizin ve \u015eirketimizin hukuki ve ticari g\u00fcvenli\u011finin teminini sa\u011flamakt\u0131r.<\/p>\n<p>Teknik ileti\u015fim dosyas\u0131, site hakk\u0131nda durum ve tercihleri saklayarak \u0130nternet&#8217;in kullan\u0131m\u0131n\u0131 kolayla\u015ft\u0131r\u0131r. Teknik ileti\u015fim dosyas\u0131, siteyi ka\u00e7 ki\u015finin ziyaret etti\u011fini, bir ki\u015finin siteyi hangi ama\u00e7la, ka\u00e7 kez ziyaret etti\u011fini ve ne kadar sitede kald\u0131klar\u0131 hakk\u0131nda istatistiksel bilgileri elde etmeye ve kullan\u0131c\u0131lar i\u00e7in \u00f6zel tasarlanm\u0131\u015f kullan\u0131c\u0131 sayfalar\u0131ndan dinamik olarak reklam ve i\u00e7erik \u00fcretilmesine yard\u0131mc\u0131 olur. Teknik ileti\u015fim dosyas\u0131, ana bellekte veya e-postan\u0131zdan veri veya ba\u015fkaca herhangi bir ki\u015fisel bilgi almak i\u00e7in tasarlanmam\u0131\u015ft\u0131r. Taray\u0131c\u0131lar\u0131n pek \u00e7o\u011fu ba\u015fta teknik ileti\u015fim dosyas\u0131n\u0131 kabul eder bi\u00e7imde tasarlanm\u0131\u015ft\u0131r ancak kullan\u0131c\u0131lar dilerse teknik ileti\u015fim dosyas\u0131n\u0131n gelmemesi veya teknik ileti\u015fim dosyas\u0131n\u0131n g\u00f6nderildi\u011finde uyar\u0131 verilmesini sa\u011flayacak bi\u00e7imde ayarlar\u0131 de\u011fi\u015ftirebilirler.<\/p>\n<p><strong>\u0130NTERNET S\u0130TEM\u0130ZDE KULLANILAN \u00c7EREZ T\u00dcRLER\u0130<\/strong><\/p>\n<p><strong>Oturum \u00c7erezleri<\/strong><\/p>\n<p>Oturum \u00e7erezleri ziyaret\u00e7ilerimizin \u0130nternet Sitesini ziyaretleri s\u00fcresince kullan\u0131lan, taray\u0131c\u0131 kapat\u0131ld\u0131ktan sonra silinen ge\u00e7ici \u00e7erezlerdir. Bu t\u00fcr \u00e7erezlerin kullan\u0131lmas\u0131n\u0131n temel amac\u0131 ziyaretiniz s\u00fcresince \u0130nternet Sitesinin d\u00fczg\u00fcn bir bi\u00e7imde \u00e7al\u0131\u015fmas\u0131n\u0131n teminini sa\u011flamakt\u0131r.<\/p>\n<p><strong>Kal\u0131c\u0131 \u00c7erezler<\/strong><\/p>\n<p>Kal\u0131c\u0131 \u00e7erezler \u0130nternet Sitesinin i\u015flevselli\u011fini art\u0131rmak, ziyaret\u00e7ilerimize daha h\u0131zl\u0131 ve iyi bir hizmet sunmak amac\u0131yla kullan\u0131lan \u00e7erez t\u00fcrleridir. Bu t\u00fcr \u00e7erezler tercihlerinizi hat\u0131rlamak i\u00e7in kullan\u0131l\u0131r ve taray\u0131c\u0131lar vas\u0131tas\u0131yla cihaz\u0131n\u0131zda depolan\u0131r. Kal\u0131c\u0131 \u00e7erezlerin baz\u0131 t\u00fcrleri; \u0130nternet Sitesini kullan\u0131m amac\u0131n\u0131z gibi hususlar g\u00f6z \u00f6n\u00fcnde bulundurarak sizlere \u00f6zel \u00f6neriler sunulmas\u0131 i\u00e7in kullan\u0131labilmektedir. Kal\u0131c\u0131 \u00e7erezler sayesinde \u0130nternet Sitemizi ayn\u0131 cihazla tekrardan ziyaret etmeniz durumunda, cihaz\u0131n\u0131zda \u0130nternet Sitemiz taraf\u0131ndan olu\u015fturulmu\u015f bir \u00e7erez olup olmad\u0131\u011f\u0131 kontrol edilir ve var ise, sizin siteyi daha \u00f6nce ziyaret etti\u011finiz anla\u015f\u0131l\u0131r ve size iletilecek i\u00e7erik bu do\u011frultuda belirlenir ve b\u00f6ylelikle sizlere daha iyi bir hizmet sunulur.<\/p>\n<p>\u015eirketimiz i\u015fbu &#8220;Gizlilik ve \u00c7erez Politikas\u0131&#8221; h\u00fck\u00fcmlerini diledi\u011fi zaman sitede yay\u0131nlamak veya kullan\u0131c\u0131lara elektronik posta g\u00f6ndermek veya sitesinde yay\u0131nlamak suretiyle de\u011fi\u015ftirebilir. Gizlilik Politikas\u0131 h\u00fck\u00fcmleri de\u011fi\u015fti\u011fi takdirde, yay\u0131nland\u0131\u011f\u0131 tarihte y\u00fcr\u00fcrl\u00fck kazan\u0131r.<\/p>\n<p><strong style=\"text-decoration: underline;\">Diledi\u011finiz zaman taray\u0131c\u0131n\u0131z\u0131n ayarlar\u0131n\u0131 de\u011fi\u015ftirerek \u00e7erezlere ili\u015fkin tercihlerinizi ki\u015fiselle\u015ftirme imkan\u0131na sahipsiniz.<\/strong><\/p>\n<p>Gizlilik politikam\u0131z ile ilgili her t\u00fcrl\u00fc soru ve \u00f6nerileriniz i\u00e7in <a style=\"color: black;\" href=\"mailto:info@omerakyildiz.de\">info@omerakyildiz.de<\/a> adresine email g\u00f6nderebilirsiniz. \u015eirketimize ait a\u015fa\u011f\u0131daki ileti\u015fim bilgilerinden bize ula\u015fabilirsiniz.<\/p>\n<p>\u015eirket Ad\u0131 : \u00d6mer Aky\u0131ld\u0131z M\u00fchendislik Anonim \u015eirketi<br \/>\nAdres : Feyzullah Mah. Ba\u011fdat Cad. 268-270 Nefes Plaza, D:211 Maltepe\/\u0130stanbul<br \/>\nEposta : info@omerakyildiz.de<br \/>\nTel : 0 216 706 99 63 (Dahili : 1011)<\/p>\n","protected":false},"excerpt":{"rendered":"<p>\u00d6MER AKYILDIZ M\u00dcHEND\u0130SL\u0130K A.\u015e. Gizlilik ve \u00c7erez Politikas\u0131 VER\u0130 SORUMLUSU: \u00d6MER AKYILDIZ M\u00dcHEND\u0130SL\u0130K A.\u015e. \u00d6MER AKYILDIZ M\u00dcHEND\u0130SL\u0130K A.\u015e. olarak; Siz say\u0131n m\u00fc\u015fterilerimizin web sitemizi kullan\u0131m\u0131 hakk\u0131ndaki bilgileri teknik bir ileti\u015fim dosyas\u0131 (\u00c7erez-Cookie) kullanarak elde edebiliriz. Bahsi ge\u00e7en teknik ileti\u015fim dosyalar\u0131, ana bellekte saklanmak \u00fczere bir internet sitesinin kullan\u0131c\u0131n\u0131n taray\u0131c\u0131s\u0131na (browser) g\u00f6nderdi\u011fi k\u00fc\u00e7\u00fck metin dosyalar\u0131d\u0131r. \u0130nternet [&hellip;]<\/p>\n","protected":false},"author":1,"featured_media":0,"parent":0,"menu_order":0,"comment_status":"closed","ping_status":"closed","template":"","meta":{"inline_featured_image":false,"footnotes":""},"class_list":["post-3834","page","type-page","status-publish","hentry"],"_links":{"self":[{"href":"https:\/\/www.omerakyildiz.de\/en\/wp-json\/wp\/v2\/pages\/3834","targetHints":{"allow":["GET"]}}],"collection":[{"href":"https:\/\/www.omerakyildiz.de\/en\/wp-json\/wp\/v2\/pages"}],"about":[{"href":"https:\/\/www.omerakyildiz.de\/en\/wp-json\/wp\/v2\/types\/page"}],"author":[{"embeddable":true,"href":"https:\/\/www.omerakyildiz.de\/en\/wp-json\/wp\/v2\/users\/1"}],"replies":[{"embeddable":true,"href":"https:\/\/www.omerakyildiz.de\/en\/wp-json\/wp\/v2\/comments?post=3834"}],"version-history":[{"count":3,"href":"https:\/\/www.omerakyildiz.de\/en\/wp-json\/wp\/v2\/pages\/3834\/revisions"}],"predecessor-version":[{"id":3843,"href":"https:\/\/www.omerakyildiz.de\/en\/wp-json\/wp\/v2\/pages\/3834\/revisions\/3843"}],"wp:attachment":[{"href":"https:\/\/www.omerakyildiz.de\/en\/wp-json\/wp\/v2\/media?parent=3834"}],"curies":[{"name":"wp","href":"https:\/\/api.w.org\/{rel}","templated":true}]}}